{"id":27793,"date":"2020-09-10T17:51:47","date_gmt":"2020-09-10T21:51:47","guid":{"rendered":"https:\/\/www.sunchemical.com\/?page_id=27793"},"modified":"2021-06-11T09:18:36","modified_gmt":"2021-06-11T13:18:36","slug":"die-nachhaltigkeit-der-papierverpackung","status":"publish","type":"page","link":"https:\/\/www.sunchemical.com\/de\/die-nachhaltigkeit-der-papierverpackung\/","title":{"rendered":"Die Nachhaltigkeit der Papierverpackung"},"content":{"rendered":"<h2>Der Ansatz von Sun Chemical f\u00fcr nachhaltige Papierverpackungen<\/h2>\n<p>Sun Chemical hat sich verpflichtet, die Papierverpackungsindustrie bei der Erreichung ihrer Nachhaltigkeitsziele zu unterst\u00fctzen.<\/p>\n<p>Unser Ansatz wird gelebt durch ein Risikomanagement und eine Verbesserung der \u00d6koeffizienz mit dem Ziel einer nachhaltigen Produktentwicklung. Die proaktive Zusammenarbeit mit Kunden, Lieferanten und Handelsgruppen ist eine weitere S\u00e4ule zur F\u00f6rderung der besten Praxisverfahren.<\/p>\n<p>F\u00fcr den Papierverpackungsmarkt haben wir unsere SunVisto AquaGreen bio-erneuerbaren Druckfarben auf nat\u00fcrlicher Basis auf den Markt gebracht. Diese Druckfarben wurden zertifiziert und als nat\u00fcrliche Druckfarbe spezifiziert, die sicherstellt, dass Markenartikler- und Lebensmittelproduzenten eine wirklich erneuerbare Verpackungsdruckfarbe erhalten.<\/p>\n<p>Entscheidend f\u00fcr unseren Ansatz ist die \u00dcbereinstimmung unserer Ziele mit den Zielen der Vereinten Nationen in ihrer Agenda zur Umgestaltung unserer Welt: <a href=\"https:\/\/www.sunchemical.com\/2030sustainabilityagenda\/\">die 2030 Agenda f\u00fcr nachhaltige Entwicklung, &#8222;ein Aktionsplan f\u00fcr Menschen, den Planeten und Wohlstand&#8220;<\/a>.<\/p>\n<p>Unser Leitfaden f\u00fcr nachhaltige Verpackung zeigt Ma\u00dfnahmen auf, die wir ergriffen haben und die mit einigen der 17 unten aufgef\u00fchrten UN-Ziele \u00fcbereinstimmen. Wir sind davon \u00fcberzeugt, dass diese sich positiv auf die Entwicklung eines nachhaltigeren Marktes f\u00fcr Papierverpackungen auswirken werden.<\/p>\n<p><img loading=\"lazy\" decoding=\"async\" class=\"alignnone wp-image-23170\" src=\"https:\/\/www.sunchemical.com\/wp-content\/uploads\/2020\/04\/FoldingCarton-PaperIcons-600x406.jpg\" alt=\"\" width=\"334\" height=\"226\" \/><\/p>\n","protected":false},"excerpt":{"rendered":"<p>Der Ansatz von Sun Chemical f\u00fcr nachhaltige Papierverpackungen Sun Chemical hat sich verpflichtet, die Papierverpackungsindustrie bei der Erreichung ihrer Nachhaltigkeitsziele zu unterst\u00fctzen. Unser Ansatz wird gelebt durch ein Risikomanagement und eine Verbesserung der \u00d6koeffizienz mit dem Ziel einer nachhaltigen Produktentwicklung. Die proaktive Zusammenarbeit mit Kunden, Lieferanten und Handelsgruppen ist eine weitere S\u00e4ule zur F\u00f6rderung der&#8230; <a class=\"read-more\" href=\"https:\/\/www.sunchemical.com\/de\/die-nachhaltigkeit-der-papierverpackung\/\">Read More<\/a><\/p>\n","protected":false},"author":20,"featured_media":23143,"parent":0,"menu_order":0,"comment_status":"closed","ping_status":"closed","template":"template-landing-page.php","meta":{"_acf_changed":false,"_searchwp_excluded":"","footnotes":""},"categories":[],"class_list":["post-27793","page","type-page","status-publish","has-post-thumbnail","hentry"],"acf":[],"_links":{"self":[{"href":"https:\/\/www.sunchemical.com\/de\/wp-json\/wp\/v2\/pages\/27793","targetHints":{"allow":["GET"]}}],"collection":[{"href":"https:\/\/www.sunchemical.com\/de\/wp-json\/wp\/v2\/pages"}],"about":[{"href":"https:\/\/www.sunchemical.com\/de\/wp-json\/wp\/v2\/types\/page"}],"author":[{"embeddable":true,"href":"https:\/\/www.sunchemical.com\/de\/wp-json\/wp\/v2\/users\/20"}],"replies":[{"embeddable":true,"href":"https:\/\/www.sunchemical.com\/de\/wp-json\/wp\/v2\/comments?post=27793"}],"version-history":[{"count":0,"href":"https:\/\/www.sunchemical.com\/de\/wp-json\/wp\/v2\/pages\/27793\/revisions"}],"wp:featuredmedia":[{"embeddable":true,"href":"https:\/\/www.sunchemical.com\/de\/wp-json\/wp\/v2\/media\/23143"}],"wp:attachment":[{"href":"https:\/\/www.sunchemical.com\/de\/wp-json\/wp\/v2\/media?parent=27793"}],"wp:term":[{"taxonomy":"category","embeddable":true,"href":"https:\/\/www.sunchemical.com\/de\/wp-json\/wp\/v2\/categories?post=27793"}],"curies":[{"name":"wp","href":"https:\/\/api.w.org\/{rel}","templated":true}]}}