{"id":24659,"date":"2020-06-03T16:20:39","date_gmt":"2020-06-03T20:20:39","guid":{"rendered":"https:\/\/www.sunchemical.com\/?page_id=24659"},"modified":"2020-06-03T16:20:39","modified_gmt":"2020-06-03T20:20:39","slug":"guia-suncolorbox","status":"publish","type":"page","link":"https:\/\/www.sunchemical.com\/es\/guia-suncolorbox\/","title":{"rendered":"Gu\u00eda SunColorBox"},"content":{"rendered":"<h4>Las herramientas globales SunColorBox de Sun Chemical le ayudan a garantizar que su proceso de producci\u00f3n del color sea correcto \u2013 en cada rinc\u00f3n del planeta.<\/h4>\n<p>En la industria del envase, la rapidez en llegar al mercado, as\u00ed como la precisi\u00f3n y consistencia en el color, lo son todo dentro de un flujo de trabajo integrado.\u00a0Con acceso a cientos de especialistas en color, m\u00e1s de 20 centros de color regionales, y una red de apoyo local sin rival en la industria, prep\u00e1rese para conquistar el mundo de la gesti\u00f3n digital del color, consiguiendo al mismo tiempo reducir sus costes de producci\u00f3n y mejorar la eficiencia.<\/p>\n<p><a href=\"https:\/\/www.sunchemical.com\/suncolorbox\/\">Lea m\u00e1s sobre nuestras herramientas SunColorBox.<\/a><\/p>\n","protected":false},"excerpt":{"rendered":"<p>Las herramientas globales SunColorBox de Sun Chemical le ayudan a garantizar que su proceso de producci\u00f3n del color sea correcto \u2013 en cada rinc\u00f3n del planeta. En la industria del envase, la rapidez en llegar al mercado, as\u00ed como la precisi\u00f3n y consistencia en el color, lo son todo dentro de un flujo de trabajo&#8230; <a class=\"read-more\" href=\"https:\/\/www.sunchemical.com\/es\/guia-suncolorbox\/\">Read More<\/a><\/p>\n","protected":false},"author":20,"featured_media":21242,"parent":0,"menu_order":0,"comment_status":"closed","ping_status":"closed","template":"template-modular-content-with-form-fill.php","meta":{"_acf_changed":false,"_searchwp_excluded":"","footnotes":""},"categories":[],"class_list":["post-24659","page","type-page","status-publish","has-post-thumbnail","hentry"],"acf":[],"_links":{"self":[{"href":"https:\/\/www.sunchemical.com\/es\/wp-json\/wp\/v2\/pages\/24659","targetHints":{"allow":["GET"]}}],"collection":[{"href":"https:\/\/www.sunchemical.com\/es\/wp-json\/wp\/v2\/pages"}],"about":[{"href":"https:\/\/www.sunchemical.com\/es\/wp-json\/wp\/v2\/types\/page"}],"author":[{"embeddable":true,"href":"https:\/\/www.sunchemical.com\/es\/wp-json\/wp\/v2\/users\/20"}],"replies":[{"embeddable":true,"href":"https:\/\/www.sunchemical.com\/es\/wp-json\/wp\/v2\/comments?post=24659"}],"version-history":[{"count":0,"href":"https:\/\/www.sunchemical.com\/es\/wp-json\/wp\/v2\/pages\/24659\/revisions"}],"wp:featuredmedia":[{"embeddable":true,"href":"https:\/\/www.sunchemical.com\/es\/wp-json\/wp\/v2\/media\/21242"}],"wp:attachment":[{"href":"https:\/\/www.sunchemical.com\/es\/wp-json\/wp\/v2\/media?parent=24659"}],"wp:term":[{"taxonomy":"category","embeddable":true,"href":"https:\/\/www.sunchemical.com\/es\/wp-json\/wp\/v2\/categories?post=24659"}],"curies":[{"name":"wp","href":"https:\/\/api.w.org\/{rel}","templated":true}]}}