{"id":24703,"date":"2020-06-03T16:21:16","date_gmt":"2020-06-03T20:21:16","guid":{"rendered":"https:\/\/www.sunchemical.com\/?page_id=24703"},"modified":"2020-10-07T09:59:59","modified_gmt":"2020-10-07T13:59:59","slug":"suncolorbox-gracias-thank-you","status":"publish","type":"page","link":"https:\/\/www.sunchemical.com\/es\/guia-suncolorbox\/suncolorbox-gracias-thank-you\/","title":{"rendered":"SunColorBox Gracias"},"content":{"rendered":"<h2>Gracias por su inter\u00e9s en nuestra Gu\u00eda SunColorBox.<\/h2>\n<p>Haga clic a continuaci\u00f3n para comenzar su descarga.<\/p>\n<p><u>Guide: Letter Size<\/u><br \/>\n<div class='w3eden'><a href=\"https:\/\/www.sunchemical.com\/es\/download\/suncolorbox-guide\/?wpdmdl=15520&refresh=69d7297338cfb1775708531\">Click here to download SunColorBox Guide<\/a><\/div><\/p>\n<p><u>Guide: A4 Size<\/u><br \/>\n<div class='w3eden'><a href=\"https:\/\/www.sunchemical.com\/es\/download\/suncolorbox-guide-a4\/?wpdmdl=15866&refresh=69d72973808a41775708531\">Click here to download SunColorBox Guide A4<\/a><\/div><\/p>\n<p><span style=\"text-decoration: underline;\">Gu\u00eda SunColorBox: A4<\/span><br \/>\n<div class='w3eden'><!-- WPDM Link Template: Default Template -->\n\n<div class=\"link-template-default card mb-2\">\n    <div class=\"card-body\">\n        <div class=\"media\">\n            <div class=\"mr-3 img-48\"><img decoding=\"async\" class=\"wpdm_icon\" alt=\"Icono\" src=\"https:\/\/www.sunchemical.com\/wp-content\/plugins\/download-manager\/assets\/file-type-icons\/pdf.svg\" \/><\/div>\n            <div class=\"media-body\">\n                <h3 class=\"package-title\"><a href='https:\/\/www.sunchemical.com\/es\/download\/guia-suncolorbox\/'>Guia SunColorBox - Espa\u00f1ol<\/a><\/h3>\n                <div class=\"text-muted text-small\"><i class=\"fas fa-copy\"><\/i> 1 archivo(s) <i class=\"fas fa-hdd ml-3\"><\/i> 4.77 MB<\/div>\n            <\/div>\n            <div class=\"ml-3\">\n                <a class='wpdm-download-link download-on-click btn btn-primary ' rel='nofollow' href='#' data-downloadurl=\"https:\/\/www.sunchemical.com\/es\/download\/guia-suncolorbox\/?wpdmdl=24754&refresh=69d72973c711a1775708531\">Descargar<\/a>\n            <\/div>\n        <\/div>\n    <\/div>\n<\/div>\n\n<\/div><\/p>\n","protected":false},"excerpt":{"rendered":"<p>Gracias por su inter\u00e9s en nuestra Gu\u00eda SunColorBox. Haga clic a continuaci\u00f3n para comenzar su descarga. Guide: Letter Size Guide: A4 Size Gu\u00eda SunColorBox: A4<\/p>\n","protected":false},"author":20,"featured_media":21242,"parent":24659,"menu_order":0,"comment_status":"closed","ping_status":"closed","template":"..\/templates\/template-modules.php","meta":{"_acf_changed":false,"_searchwp_excluded":"","footnotes":""},"categories":[],"class_list":["post-24703","page","type-page","status-publish","has-post-thumbnail","hentry"],"acf":[],"_links":{"self":[{"href":"https:\/\/www.sunchemical.com\/es\/wp-json\/wp\/v2\/pages\/24703","targetHints":{"allow":["GET"]}}],"collection":[{"href":"https:\/\/www.sunchemical.com\/es\/wp-json\/wp\/v2\/pages"}],"about":[{"href":"https:\/\/www.sunchemical.com\/es\/wp-json\/wp\/v2\/types\/page"}],"author":[{"embeddable":true,"href":"https:\/\/www.sunchemical.com\/es\/wp-json\/wp\/v2\/users\/20"}],"replies":[{"embeddable":true,"href":"https:\/\/www.sunchemical.com\/es\/wp-json\/wp\/v2\/comments?post=24703"}],"version-history":[{"count":0,"href":"https:\/\/www.sunchemical.com\/es\/wp-json\/wp\/v2\/pages\/24703\/revisions"}],"up":[{"embeddable":true,"href":"https:\/\/www.sunchemical.com\/es\/wp-json\/wp\/v2\/pages\/24659"}],"wp:featuredmedia":[{"embeddable":true,"href":"https:\/\/www.sunchemical.com\/es\/wp-json\/wp\/v2\/media\/21242"}],"wp:attachment":[{"href":"https:\/\/www.sunchemical.com\/es\/wp-json\/wp\/v2\/media?parent=24703"}],"wp:term":[{"taxonomy":"category","embeddable":true,"href":"https:\/\/www.sunchemical.com\/es\/wp-json\/wp\/v2\/categories?post=24703"}],"curies":[{"name":"wp","href":"https:\/\/api.w.org\/{rel}","templated":true}]}}