{"id":27964,"date":"2020-09-10T17:51:55","date_gmt":"2020-09-10T21:51:55","guid":{"rendered":"https:\/\/www.sunchemical.com\/?page_id=27964"},"modified":"2020-09-29T11:17:03","modified_gmt":"2020-09-29T15:17:03","slug":"el-poder-del-envase-de-papel","status":"publish","type":"page","link":"https:\/\/www.sunchemical.com\/es\/el-poder-del-envase-de-papel\/","title":{"rendered":"El Poder del Envase de Papel"},"content":{"rendered":"<h2><strong>El Enfoque de Sun Chemical hacia el Envase Sostenible de Papel<\/strong><\/h2>\n<p>En Sun Chemical nos comprometemos a apoyar a la industria del envase de papel en la consecuci\u00f3n de sus objetivos de sostenibilidad. Nuestro enfoque hacia el desarrollo de productos sostenibles incluye mejoras en la evaluaci\u00f3n de riesgos y en eco-eficiencia, as\u00ed como una actitud proactiva hacia el trabajo con proveedores, clientes y asociaciones industriales de cara a promover las mejores pr\u00e1cticas.<\/p>\n<p>Para el mercado de envase de papel hemos introducido nuestras tintas bio-renovables <a href=\"https:\/\/www.sunchemical.com\/product\/sunvisto\/\">SunVisto AquaGreen<\/a>. Estas tintas han sido certificadas y especificadas como soluci\u00f3n recomendada basada en ingredientes naturales, poniendo a disposici\u00f3n de fabricantes y marcas de servicios de alimentaci\u00f3n una tinta para envases verdaderamente renovable.<\/p>\n<p>De vital importancia en nuestro enfoque es la alineaci\u00f3n de nuestros objetivos con los de las Naciones Unidas, tal y como se exponen en <em><a href=\"https:\/\/www.sunchemical.com\/2030sustainabilityagenda\/\">Transformar nuestro mundo: la Agenda 2030 para el Desarrollo Sostenible<\/a>, <\/em>\u201cun plan para las personas, el planeta y la prosperidad\u201d.<\/p>\n<p>Nuestra Gu\u00eda del Envase Sostenible identifica acciones que hemos tomado para alinearnos con algunos de los 17 objetivos de las Naciones Unidas que se detallan a continuaci\u00f3n, y que creemos que tendr\u00e1n un impacto positivo en el desarrollo de un mercado del envase de papel m\u00e1s sostenible.<\/p>\n<p><img loading=\"lazy\" decoding=\"async\" class=\"alignnone wp-image-23168\" src=\"https:\/\/www.sunchemical.com\/wp-content\/uploads\/2020\/04\/FoldingCarton-PaperIcons-600x406.jpg\" alt=\"\" width=\"334\" height=\"226\" \/><\/p>\n","protected":false},"excerpt":{"rendered":"<p>El Enfoque de Sun Chemical hacia el Envase Sostenible de Papel En Sun Chemical nos comprometemos a apoyar a la industria del envase de papel en la consecuci\u00f3n de sus objetivos de sostenibilidad. Nuestro enfoque hacia el desarrollo de productos sostenibles incluye mejoras en la evaluaci\u00f3n de riesgos y en eco-eficiencia, as\u00ed como una actitud&#8230; <a class=\"read-more\" href=\"https:\/\/www.sunchemical.com\/es\/el-poder-del-envase-de-papel\/\">Read More<\/a><\/p>\n","protected":false},"author":20,"featured_media":23148,"parent":0,"menu_order":0,"comment_status":"closed","ping_status":"closed","template":"template-landing-page.php","meta":{"_acf_changed":false,"_searchwp_excluded":"","footnotes":""},"categories":[],"class_list":["post-27964","page","type-page","status-publish","has-post-thumbnail","hentry"],"acf":[],"_links":{"self":[{"href":"https:\/\/www.sunchemical.com\/es\/wp-json\/wp\/v2\/pages\/27964","targetHints":{"allow":["GET"]}}],"collection":[{"href":"https:\/\/www.sunchemical.com\/es\/wp-json\/wp\/v2\/pages"}],"about":[{"href":"https:\/\/www.sunchemical.com\/es\/wp-json\/wp\/v2\/types\/page"}],"author":[{"embeddable":true,"href":"https:\/\/www.sunchemical.com\/es\/wp-json\/wp\/v2\/users\/20"}],"replies":[{"embeddable":true,"href":"https:\/\/www.sunchemical.com\/es\/wp-json\/wp\/v2\/comments?post=27964"}],"version-history":[{"count":0,"href":"https:\/\/www.sunchemical.com\/es\/wp-json\/wp\/v2\/pages\/27964\/revisions"}],"wp:featuredmedia":[{"embeddable":true,"href":"https:\/\/www.sunchemical.com\/es\/wp-json\/wp\/v2\/media\/23148"}],"wp:attachment":[{"href":"https:\/\/www.sunchemical.com\/es\/wp-json\/wp\/v2\/media?parent=27964"}],"wp:term":[{"taxonomy":"category","embeddable":true,"href":"https:\/\/www.sunchemical.com\/es\/wp-json\/wp\/v2\/categories?post=27964"}],"curies":[{"name":"wp","href":"https:\/\/api.w.org\/{rel}","templated":true}]}}