{"id":27971,"date":"2020-09-10T17:52:44","date_gmt":"2020-09-10T21:52:44","guid":{"rendered":"https:\/\/www.sunchemical.com\/?page_id=27971"},"modified":"2022-03-10T13:51:33","modified_gmt":"2022-03-10T18:51:33","slug":"gracias-envase-flexible-thank-you","status":"publish","type":"page","link":"https:\/\/www.sunchemical.com\/es\/el-poder-del-envase-flexible\/gracias-envase-flexible-thank-you\/","title":{"rendered":"Gracias Envase Flexible"},"content":{"rendered":"<h3>Gracias por su inter\u00e9s en la Gu\u00eda del Envase Sostenible de Sun Chemical.<\/h3>\n<div class='w3eden'><a href=\"https:\/\/www.sunchemical.com\/es\/download\/guia-del-envase-sostenible\/?wpdmdl=28418&refresh=69f626fed49cd1777739518\">Haga clic aqu\u00ed para descargar la gu\u00eda Gu\u00eda Del Envase Sostenible<\/a><\/div>\n","protected":false},"excerpt":{"rendered":"<p>Gracias por su inter\u00e9s en la Gu\u00eda del Envase Sostenible de Sun Chemical.<\/p>\n","protected":false},"author":20,"featured_media":0,"parent":27970,"menu_order":0,"comment_status":"closed","ping_status":"closed","template":"template-services.php","meta":{"_acf_changed":false,"_searchwp_excluded":"","footnotes":""},"categories":[],"class_list":["post-27971","page","type-page","status-publish","hentry"],"acf":[],"_links":{"self":[{"href":"https:\/\/www.sunchemical.com\/es\/wp-json\/wp\/v2\/pages\/27971","targetHints":{"allow":["GET"]}}],"collection":[{"href":"https:\/\/www.sunchemical.com\/es\/wp-json\/wp\/v2\/pages"}],"about":[{"href":"https:\/\/www.sunchemical.com\/es\/wp-json\/wp\/v2\/types\/page"}],"author":[{"embeddable":true,"href":"https:\/\/www.sunchemical.com\/es\/wp-json\/wp\/v2\/users\/20"}],"replies":[{"embeddable":true,"href":"https:\/\/www.sunchemical.com\/es\/wp-json\/wp\/v2\/comments?post=27971"}],"version-history":[{"count":0,"href":"https:\/\/www.sunchemical.com\/es\/wp-json\/wp\/v2\/pages\/27971\/revisions"}],"up":[{"embeddable":true,"href":"https:\/\/www.sunchemical.com\/es\/wp-json\/wp\/v2\/pages\/27970"}],"wp:attachment":[{"href":"https:\/\/www.sunchemical.com\/es\/wp-json\/wp\/v2\/media?parent=27971"}],"wp:term":[{"taxonomy":"category","embeddable":true,"href":"https:\/\/www.sunchemical.com\/es\/wp-json\/wp\/v2\/categories?post=27971"}],"curies":[{"name":"wp","href":"https:\/\/api.w.org\/{rel}","templated":true}]}}