{"id":420798,"date":"2024-09-04T11:58:40","date_gmt":"2024-09-04T15:58:40","guid":{"rendered":"https:\/\/www.sunchemical.com\/?page_id=420798"},"modified":"2024-09-04T12:01:51","modified_gmt":"2024-09-04T16:01:51","slug":"paper-transform","status":"publish","type":"page","link":"https:\/\/www.sunchemical.com\/es\/paper-transform\/","title":{"rendered":"Paper Transform"},"content":{"rendered":"<h2>Descargue Nuestra Infograf\u00eda para Aprender c\u00f3mo Transformar la Sostenibilidad de sus Envases de Papel<\/h2>\n<p>Cada a\u00f1o se producen 46 millones de toneladas de residuos de envases de papel y cart\u00f3n y s\u00f3lo el 68.2% de ellos se recicla. Ahora m\u00e1s que nunca, tenemos ante nosotros la oportunidad de reducir esos residuos y mejorar las tasas de reciclaje. Sun Chemical est\u00e1 comprometido a ayudar a la industria de los envases de papel a lograr sus objetivos de sostenibilidad con nuestro conocimiento \u00fanico y m\u00e1s de 200 a\u00f1os de experiencia.<\/p>\n<p><img loading=\"lazy\" decoding=\"async\" class=\"alignright wp-image-420520\" src=\"https:\/\/www.sunchemical.com\/wp-content\/uploads\/2024\/08\/5R-Diagram-Spanish.png\" alt=\"Five-Rs-Spanish\" width=\"335\" height=\"339\" \/>Nuestro enfoque para el desarrollo de productos sostenibles incluye gesti\u00f3n de riesgos y mejoras en la ecoeficiencia, as\u00ed como un enfoque proactivo en el trabajo con proveedores, clientes y asociaciones de la industria para promover las mejores pr\u00e1cticas. Utilizando nuestro marco de las 5Rs (Reutilizar, Reducir, Renovar, Reciclar y Redise\u00f1ar) como gu\u00eda, Sun Chemical invierte fuertemente en R&amp;D para mejorar la ecoeficiencia y la sostenibilidad de los envases que utilizan sus tintas, recubrimientos y adhesivos para respaldar la econom\u00eda circular.<\/p>\n<p>Al optar por trabajar de manera m\u00e1s sustentable, su operaci\u00f3n de impresi\u00f3n no solo desempe\u00f1ar\u00e1 un papel vital para ayudar a reducir los residuos y las emisiones globales de CO<sub>2<\/sub>, sino que tambi\u00e9n puede reducir costos, impulsar el crecimiento empresarial y mejorar significativamente la percepci\u00f3n p\u00fablica.<\/p>\n<p><img loading=\"lazy\" decoding=\"async\" class=\"alignnone wp-image-403726\" src=\"https:\/\/www.sunchemical.com\/wp-content\/uploads\/2024\/01\/SUNECO-600x242.png\" alt=\"SunChemical-SunEco-Logo\" width=\"144\" height=\"58\" \/><\/p>\n","protected":false},"excerpt":{"rendered":"<p>Sun Chemical est\u00e1 comprometido a ayudar a la industria de los envases de papel a lograr sus objetivos de sostenibilidad con nuestro conocimiento \u00fanico y m\u00e1s de 200 a\u00f1os de experiencia.<\/p>\n","protected":false},"author":20,"featured_media":396740,"parent":0,"menu_order":0,"comment_status":"closed","ping_status":"closed","template":"template-modular-content-with-form-fill.php","meta":{"_acf_changed":false,"_searchwp_excluded":"","footnotes":""},"categories":[],"class_list":["post-420798","page","type-page","status-publish","has-post-thumbnail","hentry"],"acf":[],"_links":{"self":[{"href":"https:\/\/www.sunchemical.com\/es\/wp-json\/wp\/v2\/pages\/420798","targetHints":{"allow":["GET"]}}],"collection":[{"href":"https:\/\/www.sunchemical.com\/es\/wp-json\/wp\/v2\/pages"}],"about":[{"href":"https:\/\/www.sunchemical.com\/es\/wp-json\/wp\/v2\/types\/page"}],"author":[{"embeddable":true,"href":"https:\/\/www.sunchemical.com\/es\/wp-json\/wp\/v2\/users\/20"}],"replies":[{"embeddable":true,"href":"https:\/\/www.sunchemical.com\/es\/wp-json\/wp\/v2\/comments?post=420798"}],"version-history":[{"count":0,"href":"https:\/\/www.sunchemical.com\/es\/wp-json\/wp\/v2\/pages\/420798\/revisions"}],"wp:featuredmedia":[{"embeddable":true,"href":"https:\/\/www.sunchemical.com\/es\/wp-json\/wp\/v2\/media\/396740"}],"wp:attachment":[{"href":"https:\/\/www.sunchemical.com\/es\/wp-json\/wp\/v2\/media?parent=420798"}],"wp:term":[{"taxonomy":"category","embeddable":true,"href":"https:\/\/www.sunchemical.com\/es\/wp-json\/wp\/v2\/categories?post=420798"}],"curies":[{"name":"wp","href":"https:\/\/api.w.org\/{rel}","templated":true}]}}