{"id":420808,"date":"2024-09-04T14:44:14","date_gmt":"2024-09-04T18:44:14","guid":{"rendered":"https:\/\/www.sunchemical.com\/?page_id=420808"},"modified":"2024-09-04T14:58:24","modified_gmt":"2024-09-04T18:58:24","slug":"fc-transform","status":"publish","type":"page","link":"https:\/\/www.sunchemical.com\/es\/fc-transform\/","title":{"rendered":"FC Transform"},"content":{"rendered":"<h2>Transforme su Envase de Cart\u00f3n Plegable pensando Fuera\u2013y\u2013Dentro de la Caja<\/h2>\n<p>Descargue nuestra infograf\u00eda para saber c\u00f3mo hemos desarrollado una forma refrescante de incorporar m\u00e1s sostenibilidad en sus cajas plegables. Con las soluciones m\u00e1s ecol\u00f3gicas disponibles, podemos ayudarle a crear el paquete completo \u2013 incluso sin pl\u00e1stico. Nuestra tecnolog\u00eda \u00fanica e innovadora no solo le permite imprimir dentro y fuera de la caja, sino que tambi\u00e9n le brinda la oportunidad de crear los envases resistentes, seguros y sostenibles que el mundo necesita y que los consumidores desean.<\/p>\n<p><img loading=\"lazy\" decoding=\"async\" class=\"alignright wp-image-420520\" src=\"https:\/\/www.sunchemical.com\/wp-content\/uploads\/2024\/08\/5R-Diagram-Spanish.png\" alt=\"Five-Rs-Spanish\" width=\"324\" height=\"328\" \/>A partir de nuestros m\u00e1s de 200 a\u00f1os de conocimiento y experiencia en el mercado de cajas plegables, hemos desarrollado una combinaci\u00f3n de tinta y barniz que imprime \u2018dentro de la caja\u2019 y reemplaza las barreras generadas por el polietileno, al mismo tiempo que garantiza que se mantengan las propiedades requeridas de resistencia a la grasa, al aceite o al agua de las cajas de cart\u00f3n. No solo eso, sino que tambi\u00e9n imprime con una intensidad y estabilidad similares a las de una tinta est\u00e1ndar de baja migraci\u00f3n, lo que abre un nuevo mundo de oportunidades para la impresi\u00f3n \u00abdentro de la caja\u00bb.<\/p>\n<p>Esta tecnolog\u00eda est\u00e1 en l\u00ednea con nuestro enfoque de desarrollo de productos sostenibles, que incluye gesti\u00f3n de riesgos y mejoras en la ecoeficiencia, as\u00ed como un enfoque proactivo en el trabajo con proveedores, clientes y asociaciones de la industria para promover las mejores pr\u00e1cticas.<\/p>\n","protected":false},"excerpt":{"rendered":"<p>Transforme su Envase de Cart\u00f3n Plegable pensando Fuera\u2013y\u2013Dentro de la Caja Descargue nuestra infograf\u00eda para saber c\u00f3mo hemos desarrollado una forma refrescante de incorporar m\u00e1s sostenibilidad en sus cajas plegables. Con las soluciones m\u00e1s ecol\u00f3gicas disponibles, podemos ayudarle a crear el paquete completo \u2013 incluso sin pl\u00e1stico. Nuestra tecnolog\u00eda \u00fanica e innovadora no solo le&#8230; <a class=\"read-more\" href=\"https:\/\/www.sunchemical.com\/es\/fc-transform\/\">Read More<\/a><\/p>\n","protected":false},"author":20,"featured_media":285555,"parent":0,"menu_order":0,"comment_status":"closed","ping_status":"closed","template":"template-modular-content-with-form-fill.php","meta":{"_acf_changed":false,"_searchwp_excluded":"","footnotes":""},"categories":[],"class_list":["post-420808","page","type-page","status-publish","has-post-thumbnail","hentry"],"acf":[],"_links":{"self":[{"href":"https:\/\/www.sunchemical.com\/es\/wp-json\/wp\/v2\/pages\/420808","targetHints":{"allow":["GET"]}}],"collection":[{"href":"https:\/\/www.sunchemical.com\/es\/wp-json\/wp\/v2\/pages"}],"about":[{"href":"https:\/\/www.sunchemical.com\/es\/wp-json\/wp\/v2\/types\/page"}],"author":[{"embeddable":true,"href":"https:\/\/www.sunchemical.com\/es\/wp-json\/wp\/v2\/users\/20"}],"replies":[{"embeddable":true,"href":"https:\/\/www.sunchemical.com\/es\/wp-json\/wp\/v2\/comments?post=420808"}],"version-history":[{"count":0,"href":"https:\/\/www.sunchemical.com\/es\/wp-json\/wp\/v2\/pages\/420808\/revisions"}],"wp:featuredmedia":[{"embeddable":true,"href":"https:\/\/www.sunchemical.com\/es\/wp-json\/wp\/v2\/media\/285555"}],"wp:attachment":[{"href":"https:\/\/www.sunchemical.com\/es\/wp-json\/wp\/v2\/media?parent=420808"}],"wp:term":[{"taxonomy":"category","embeddable":true,"href":"https:\/\/www.sunchemical.com\/es\/wp-json\/wp\/v2\/categories?post=420808"}],"curies":[{"name":"wp","href":"https:\/\/api.w.org\/{rel}","templated":true}]}}