{"id":67606,"date":"2022-06-24T15:32:21","date_gmt":"2022-06-24T19:32:21","guid":{"rendered":"https:\/\/www.sunchemical.com\/?page_id=67606"},"modified":"2022-06-24T15:32:21","modified_gmt":"2022-06-24T19:32:21","slug":"el-poder-de-las-etiquetas","status":"publish","type":"page","link":"https:\/\/www.sunchemical.com\/es\/el-poder-de-las-etiquetas\/","title":{"rendered":"El Poder de las Etiquetas"},"content":{"rendered":"<h2>El enfoque de Sun Chemical hacia unas etiquetas sostenibles<\/h2>\n<p>En Sun Chemical nos comprometemos a apoyar a la industria de impresi\u00f3n en banda estrecha y etiquetado en la consecuci\u00f3n de sus objetivos de sostenibilidad.<\/p>\n<p>Nuestro enfoque hacia el desarrollo de productos sostenibles incluye mejoras en la evaluaci\u00f3n de riesgos y en eco-eficiencia, as\u00ed como una actitud proactiva hacia el trabajo con proveedores, clientes y asociaciones industriales de cara a promover las mejores pr\u00e1cticas.<\/p>\n<p>Hemos desarrollado soluciones que permiten a las marcas incrementar la reciclabilidad de los productos con etiquetas termorretr\u00e1ctiles. Por ejemplo, Sun Chemical ofrece una tecnolog\u00eda de tintas lavables compatibles con el reciclaje, dise\u00f1adas para fundas termorretr\u00e1ctiles de PET cristalizable, que se pueden eliminar del envase PET impreso durante la fase de lavado con sosa c\u00e1ustica caliente que es parte del proceso de reciclado, y hacerlo sin manchar las escamas de PET resultantes o el agua de lavado.<\/p>\n<p>De vital importancia en nuestro enfoque es la alineaci\u00f3n de nuestros objetivos con los de las Naciones Unidas, tal y como se exponen en Transformar nuestro mundo: la Agenda 2030 para el Desarrollo Sostenible, \u201cun plan para las personas, el planeta y la prosperidad\u201d.<\/p>\n<p>Nuestra Gu\u00eda del Envase Sostenible identifica acciones que hemos tomado para alinearnos con algunos de los 17 objetivos de las Naciones Unidas que se detallan a continuaci\u00f3n, y que creemos que tendr\u00e1n un impacto positivo en el desarrollo de un mercado m\u00e1s sostenible en impresi\u00f3n de banda estrecha y etiquetado.<\/p>\n<p><img loading=\"lazy\" decoding=\"async\" class=\"alignnone wp-image-23186\" src=\"https:\/\/www.sunchemical.com\/wp-content\/uploads\/2020\/04\/Labels-Icons-600x406.jpg\" alt=\"\" width=\"334\" height=\"226\" \/><\/p>\n<p>&nbsp;<\/p>\n","protected":false},"excerpt":{"rendered":"<p>El enfoque de Sun Chemical hacia unas etiquetas sostenibles En Sun Chemical nos comprometemos a apoyar a la industria de impresi\u00f3n en banda estrecha y etiquetado en la consecuci\u00f3n de sus objetivos de sostenibilidad. Nuestro enfoque hacia el desarrollo de productos sostenibles incluye mejoras en la evaluaci\u00f3n de riesgos y en eco-eficiencia, as\u00ed como una&#8230; <a class=\"read-more\" href=\"https:\/\/www.sunchemical.com\/es\/el-poder-de-las-etiquetas\/\">Read More<\/a><\/p>\n","protected":false},"author":20,"featured_media":23130,"parent":0,"menu_order":0,"comment_status":"closed","ping_status":"closed","template":"template-landing-page.php","meta":{"_acf_changed":false,"_searchwp_excluded":"","footnotes":""},"categories":[],"class_list":["post-67606","page","type-page","status-publish","has-post-thumbnail","hentry"],"acf":[],"_links":{"self":[{"href":"https:\/\/www.sunchemical.com\/es\/wp-json\/wp\/v2\/pages\/67606","targetHints":{"allow":["GET"]}}],"collection":[{"href":"https:\/\/www.sunchemical.com\/es\/wp-json\/wp\/v2\/pages"}],"about":[{"href":"https:\/\/www.sunchemical.com\/es\/wp-json\/wp\/v2\/types\/page"}],"author":[{"embeddable":true,"href":"https:\/\/www.sunchemical.com\/es\/wp-json\/wp\/v2\/users\/20"}],"replies":[{"embeddable":true,"href":"https:\/\/www.sunchemical.com\/es\/wp-json\/wp\/v2\/comments?post=67606"}],"version-history":[{"count":0,"href":"https:\/\/www.sunchemical.com\/es\/wp-json\/wp\/v2\/pages\/67606\/revisions"}],"wp:featuredmedia":[{"embeddable":true,"href":"https:\/\/www.sunchemical.com\/es\/wp-json\/wp\/v2\/media\/23130"}],"wp:attachment":[{"href":"https:\/\/www.sunchemical.com\/es\/wp-json\/wp\/v2\/media?parent=67606"}],"wp:term":[{"taxonomy":"category","embeddable":true,"href":"https:\/\/www.sunchemical.com\/es\/wp-json\/wp\/v2\/categories?post=67606"}],"curies":[{"name":"wp","href":"https:\/\/api.w.org\/{rel}","templated":true}]}}