{"id":27798,"date":"2020-09-10T17:51:41","date_gmt":"2020-09-10T21:51:41","guid":{"rendered":"https:\/\/www.sunchemical.com\/?page_id=27798"},"modified":"2020-09-29T11:16:34","modified_gmt":"2020-09-29T15:16:34","slug":"limportance-de-lemballage-en-papier","status":"publish","type":"page","link":"https:\/\/www.sunchemical.com\/fr\/limportance-de-lemballage-en-papier\/","title":{"rendered":"L\u2019importance de l&#8217;emballage en papier"},"content":{"rendered":"<h2><strong>La proposition de Sun Chemical pour un emballage papier durable<\/strong><\/h2>\n<p>Sun Chemical s&rsquo;est engag\u00e9 \u00e0 aider l&rsquo;industrie de l&#8217;emballage en papier \u00e0 atteindre ses objectifs de durabilit\u00e9.<\/p>\n<p>Notre approche du d\u00e9veloppement durable de produits comprend la gestion des risques et des am\u00e9liorations de l&rsquo;\u00e9co-efficacit\u00e9, ainsi qu&rsquo;une approche proactive en travaillant avec les fournisseurs, les clients et les groupes commerciaux de l&rsquo;industrie pour promouvoir les meilleures pratiques.<\/p>\n<p>Pour le march\u00e9 des emballages en papier, nous avons lanc\u00e9 sur le march\u00e9 nos encres bio-renouvelables <a href=\"https:\/\/www.sunchemical.com\/product\/sunvisto\/\">SunVisto AquaGreen<\/a> \u00e0 base de composants naturels. Ces encres ont \u00e9t\u00e9 <a href=\"https:\/\/www.sunchemical.com\/sun-chemical-forms-partnership-with-havi\/\">certifi\u00e9es et sont pr\u00e9conis\u00e9es<\/a> comme \u00e9tant une solution d\u2019origine naturelle. Cela constitue la garantie pour les marques et fabricants de l\u2019agro-alimentaire qu\u2019elles re\u00e7oivent une encre d&#8217;emballage v\u00e9ritablement renouvelable.<\/p>\n<p>Il est essentiel d\u2019aligner nos objectifs avec ceux des Nations Unies d\u00e9crits dans le document \u00ab\u00a0Transformer notre monde\u00a0: <a href=\"https:\/\/www.sunchemical.com\/2030sustainabilityagenda\/\">le Programme de d\u00e9veloppement durable \u00e0 l&rsquo;horizon 2030\u00a0\u00bb\u00a0qui se veut un \u00ab\u00a0plan d&rsquo;action pour l&rsquo;humanit\u00e9, la plan\u00e8te et la prosp\u00e9rit\u00e9\u00a0\u00bb<\/a>.<\/p>\n<p>Notre Guide de l&#8217;emballage durable identifie les mesures que nous avons prises qui s&rsquo;alignent avec certains des 17 objectifs des Nations Unies d\u00e9crits ci-dessous qui, selon nous, auront un impact positif sur le d\u00e9veloppement d&rsquo;un march\u00e9 des emballages en papier plus durable.<\/p>\n<p><img loading=\"lazy\" decoding=\"async\" class=\"alignnone wp-image-23169\" src=\"https:\/\/www.sunchemical.com\/wp-content\/uploads\/2020\/04\/FoldingCarton-PaperIcons-600x406.jpg\" alt=\"\" width=\"334\" height=\"226\" \/><\/p>\n","protected":false},"excerpt":{"rendered":"<p>La proposition de Sun Chemical pour un emballage papier durable Sun Chemical s&rsquo;est engag\u00e9 \u00e0 aider l&rsquo;industrie de l&#8217;emballage en papier \u00e0 atteindre ses objectifs de durabilit\u00e9. Notre approche du d\u00e9veloppement durable de produits comprend la gestion des risques et des am\u00e9liorations de l&rsquo;\u00e9co-efficacit\u00e9, ainsi qu&rsquo;une approche proactive en travaillant avec les fournisseurs, les clients&#8230; <a class=\"read-more\" href=\"https:\/\/www.sunchemical.com\/fr\/limportance-de-lemballage-en-papier\/\">Read More<\/a><\/p>\n","protected":false},"author":20,"featured_media":23142,"parent":0,"menu_order":0,"comment_status":"closed","ping_status":"closed","template":"template-landing-page.php","meta":{"_acf_changed":false,"_searchwp_excluded":"","footnotes":""},"categories":[],"class_list":["post-27798","page","type-page","status-publish","has-post-thumbnail","hentry"],"acf":[],"_links":{"self":[{"href":"https:\/\/www.sunchemical.com\/fr\/wp-json\/wp\/v2\/pages\/27798","targetHints":{"allow":["GET"]}}],"collection":[{"href":"https:\/\/www.sunchemical.com\/fr\/wp-json\/wp\/v2\/pages"}],"about":[{"href":"https:\/\/www.sunchemical.com\/fr\/wp-json\/wp\/v2\/types\/page"}],"author":[{"embeddable":true,"href":"https:\/\/www.sunchemical.com\/fr\/wp-json\/wp\/v2\/users\/20"}],"replies":[{"embeddable":true,"href":"https:\/\/www.sunchemical.com\/fr\/wp-json\/wp\/v2\/comments?post=27798"}],"version-history":[{"count":0,"href":"https:\/\/www.sunchemical.com\/fr\/wp-json\/wp\/v2\/pages\/27798\/revisions"}],"wp:featuredmedia":[{"embeddable":true,"href":"https:\/\/www.sunchemical.com\/fr\/wp-json\/wp\/v2\/media\/23142"}],"wp:attachment":[{"href":"https:\/\/www.sunchemical.com\/fr\/wp-json\/wp\/v2\/media?parent=27798"}],"wp:term":[{"taxonomy":"category","embeddable":true,"href":"https:\/\/www.sunchemical.com\/fr\/wp-json\/wp\/v2\/categories?post=27798"}],"curies":[{"name":"wp","href":"https:\/\/api.w.org\/{rel}","templated":true}]}}