{"id":37047,"date":"2021-03-25T21:45:20","date_gmt":"2021-03-26T01:45:20","guid":{"rendered":"https:\/\/www.sunchemical.com\/?page_id=37047"},"modified":"2021-03-25T21:45:20","modified_gmt":"2021-03-26T01:45:20","slug":"o-poder-das-embalagens-flexiveis","status":"publish","type":"page","link":"https:\/\/www.sunchemical.com\/pt-br\/o-poder-das-embalagens-flexiveis\/","title":{"rendered":"O poder das embalagens flex\u00edveis"},"content":{"rendered":"<h1>A abordagem da Sun Chemical sobre embalagens flex\u00edveis sustent\u00e1veis<\/h1>\n<p>O compromisso da Sun Chemical \u00e9 ajudar a ind\u00fastria de embalagens flex\u00edveis a alcan\u00e7ar seus objetivos de sustentabilidade.<\/p>\n<p>Nossa abordagem para o desenvolvimento de produtos sustent\u00e1veis inclui gerenciamento de riscos e melhorias de ecoefici\u00eancia, al\u00e9m de uma atitude proativa no trabalho junto a fornecedores, clientes e associa\u00e7\u00f5es comerciais do setor para promover as melhores pr\u00e1ticas.<\/p>\n<p>Tamb\u00e9m analisamos as tend\u00eancias atuais do mercado como um guia para nos ajudar a identificar \u00e1reas em que melhorias s\u00e3o necess\u00e1rias.<\/p>\n<p>Uma quest\u00e3o importante que afeta o mercado de embalagens flex\u00edveis \u00e9 a taxa incrivelmente baixa de reciclagem de pl\u00e1stico em todo o mundo.<\/p>\n<p>Para ajudar a aliviar esse problema, a Sun Chemical est\u00e1 desenvolvendo monomateriais para pl\u00e1sticos, que eliminam as complexidades de camadas de materiais diferentes que dificultam a reciclagem.<\/p>\n<p>Consideramos fundamental alinhar nossos objetivos aos estabelecidos pelas Na\u00e7\u00f5es Unidas em seu programa <a href=\"https:\/\/www.sunchemical.com\/2030sustainabilityagenda\/\">Transformando o Nosso Mundo: a Agenda 2030 para o Desenvolvimento Sustent\u00e1vel<\/a>, \u201cum plano de a\u00e7\u00e3o para as pessoas, o planeta e a prosperidade\u201d.<\/p>\n<p>Nosso guia Embalagens sustent\u00e1veis: um guia para o futuro identifica a\u00e7\u00f5es alinhadas a alguns dos 17 objetivos da ONU que adotamos e acreditamos que ter\u00e3o um impacto positivo sobre o desenvolvimento de uma ind\u00fastria de embalagens de flex\u00edveis mais sustent\u00e1vel.<\/p>\n<p><img loading=\"lazy\" decoding=\"async\" class=\"alignnone wp-image-23159\" src=\"https:\/\/www.sunchemical.com\/wp-content\/uploads\/2020\/04\/FlexPkg-CIcons-600x406.jpg\" alt=\"\" width=\"334\" height=\"226\" \/><\/p>\n<p>&nbsp;<\/p>\n","protected":false},"excerpt":{"rendered":"<p>A abordagem da Sun Chemical sobre embalagens flex\u00edveis sustent\u00e1veis O compromisso da Sun Chemical \u00e9 ajudar a ind\u00fastria de embalagens flex\u00edveis a alcan\u00e7ar seus objetivos de sustentabilidade. Nossa abordagem para o desenvolvimento de produtos sustent\u00e1veis inclui gerenciamento de riscos e melhorias de ecoefici\u00eancia, al\u00e9m de uma atitude proativa no trabalho junto a fornecedores, clientes e&#8230; <a class=\"read-more\" href=\"https:\/\/www.sunchemical.com\/pt-br\/o-poder-das-embalagens-flexiveis\/\">Read More<\/a><\/p>\n","protected":false},"author":20,"featured_media":23155,"parent":0,"menu_order":0,"comment_status":"closed","ping_status":"closed","template":"template-landing-page.php","meta":{"_acf_changed":false,"_searchwp_excluded":"","footnotes":""},"categories":[2118],"class_list":["post-37047","page","type-page","status-publish","has-post-thumbnail","hentry","category-inks"],"acf":[],"_links":{"self":[{"href":"https:\/\/www.sunchemical.com\/pt-br\/wp-json\/wp\/v2\/pages\/37047","targetHints":{"allow":["GET"]}}],"collection":[{"href":"https:\/\/www.sunchemical.com\/pt-br\/wp-json\/wp\/v2\/pages"}],"about":[{"href":"https:\/\/www.sunchemical.com\/pt-br\/wp-json\/wp\/v2\/types\/page"}],"author":[{"embeddable":true,"href":"https:\/\/www.sunchemical.com\/pt-br\/wp-json\/wp\/v2\/users\/20"}],"replies":[{"embeddable":true,"href":"https:\/\/www.sunchemical.com\/pt-br\/wp-json\/wp\/v2\/comments?post=37047"}],"version-history":[{"count":0,"href":"https:\/\/www.sunchemical.com\/pt-br\/wp-json\/wp\/v2\/pages\/37047\/revisions"}],"wp:featuredmedia":[{"embeddable":true,"href":"https:\/\/www.sunchemical.com\/pt-br\/wp-json\/wp\/v2\/media\/23155"}],"wp:attachment":[{"href":"https:\/\/www.sunchemical.com\/pt-br\/wp-json\/wp\/v2\/media?parent=37047"}],"wp:term":[{"taxonomy":"category","embeddable":true,"href":"https:\/\/www.sunchemical.com\/pt-br\/wp-json\/wp\/v2\/categories?post=37047"}],"curies":[{"name":"wp","href":"https:\/\/api.w.org\/{rel}","templated":true}]}}